{"id":424,"date":"2025-02-17T12:14:17","date_gmt":"2025-02-17T12:14:17","guid":{"rendered":"https:\/\/mpg.mwsk.sk\/erstellen-sie-einen-lebenslauf\/"},"modified":"2025-02-17T12:14:17","modified_gmt":"2025-02-17T12:14:17","slug":"erstellen-sie-einen-lebenslauf","status":"publish","type":"page","link":"https:\/\/mpowergroup.sk\/de\/erstellen-sie-einen-lebenslauf\/","title":{"rendered":"Erstellen Sie einen Lebenslauf"},"content":{"rendered":"\n<div class=\"wpcf7 no-js\" id=\"wpcf7-f204-o1\" lang=\"sk-SK\" dir=\"ltr\" data-wpcf7-id=\"204\">\n<div class=\"screen-reader-response\"><p role=\"status\" aria-live=\"polite\" aria-atomic=\"true\"><\/p> <ul><\/ul><\/div>\n<form action=\"\/de\/wp-json\/wp\/v2\/pages\/424#wpcf7-f204-o1\" method=\"post\" class=\"wpcf7-form init cf7mls-no-scroll cf7mls-auto-return-first-step cf7mls-no-moving-animation\" aria-label=\"Kontaktn\u00fd formul\u00e1r\" novalidate=\"novalidate\" data-status=\"init\">\n<div style=\"display: none;\">\n<input type=\"hidden\" name=\"_wpcf7\" value=\"204\" \/>\n<input type=\"hidden\" name=\"_wpcf7_version\" value=\"6.0.4\" \/>\n<input type=\"hidden\" name=\"_wpcf7_locale\" value=\"sk_SK\" \/>\n<input type=\"hidden\" name=\"_wpcf7_unit_tag\" value=\"wpcf7-f204-o1\" \/>\n<input type=\"hidden\" name=\"_wpcf7_container_post\" value=\"0\" \/>\n<input type=\"hidden\" name=\"_wpcf7_posted_data_hash\" value=\"\" \/>\n<input type=\"hidden\" name=\"_wpcf7_recaptcha_response\" value=\"\" \/>\n<\/div>\n<div class=\"fieldset-cf7mls-wrapper\" data-transition-effects><fieldset class=\"fieldset-cf7mls cf7mls_current_fs\"><h3>Osobn\u00e9 \u00fadaje\n<\/h3>\n<div class=\"row\">\n\t<div class=\"col-sm-8\">\n\t\t<p><label> Meno a priezvisko<br \/>\n<span class=\"wpcf7-form-control-wrap\" data-name=\"your-name\"><input size=\"40\" maxlength=\"400\" class=\"wpcf7-form-control wpcf7-text wpcf7-validates-as-required\" autocomplete=\"name\" aria-required=\"true\" aria-invalid=\"false\" value=\"\" type=\"text\" name=\"your-name\" \/><\/span> <\/label>\n\t\t<\/p>\n\t\t<p><label> Email<br \/>\n<span class=\"wpcf7-form-control-wrap\" data-name=\"your-email\"><input size=\"40\" maxlength=\"400\" class=\"wpcf7-form-control wpcf7-email wpcf7-text wpcf7-validates-as-email\" autocomplete=\"email\" aria-invalid=\"false\" value=\"\" type=\"email\" name=\"your-email\" \/><\/span> <\/label>\n\t\t<\/p>\n\t\t<p><label> Telef\u00f3n<br \/>\n<span class=\"wpcf7-form-control-wrap\" data-name=\"telefon\"><input size=\"40\" maxlength=\"400\" class=\"wpcf7-form-control wpcf7-tel wpcf7-text wpcf7-validates-as-tel\" autocomplete=\"tel\" aria-invalid=\"false\" value=\"\" type=\"tel\" name=\"telefon\" \/><\/span> <\/label>\n\t\t<\/p>\n\t\t<p><label> Adresa<br \/>\n<span class=\"wpcf7-form-control-wrap\" data-name=\"adresa\"><textarea cols=\"40\" rows=\"10\" maxlength=\"2000\" class=\"wpcf7-form-control wpcf7-textarea\" aria-invalid=\"false\" name=\"adresa\"><\/textarea><\/span> <\/label>\n\t\t<\/p>\n\t\t<p><label> D\u00e1tum narodenia<br \/>\n<span class=\"wpcf7-form-control-wrap\" data-name=\"datum\"><input class=\"wpcf7-form-control wpcf7-date wpcf7-validates-as-required wpcf7-validates-as-date\" max=\"2008-05-03\" aria-required=\"true\" aria-invalid=\"false\" value=\"\" type=\"date\" name=\"datum\" \/><\/span> <\/label><br \/>\n\t\t<input class=\"wpcf7-form-control wpcf7-hidden\" value=\"\" type=\"hidden\" name=\"datum_formatted\" \/>\n\t\t<\/p>\n\t<\/div>\n\t<div class=\"col-sm-4\">\n\t\t<p><label> Fotografia<br \/>\n<span class=\"wpcf7-form-control-wrap\" data-name=\"foto\"><input size=\"40\" class=\"wpcf7-form-control wpcf7-drag-n-drop-file d-none\" aria-invalid=\"false\" type=\"file\" multiple=\"multiple\" data-name=\"foto\" data-type=\"jpeg|png|jpg|gif\" data-limit=\"5242880\" data-min=\"0\" data-max=\"1\" data-id=\"204\" data-version=\"free version 1.3.8.7\" accept=\".jpeg, .png, .jpg, .gif\" data-black-list=\"exe|bat|com\" \/><\/span> <\/label>\n\t\t<\/p>\n\t<\/div>\n<\/div>\n<p><div class=\"cf7mls-btns \"><button type=\"button\" class=\"cf7mls_next cf7mls_btn action-button\" name=\"cf7mls_next\" id=\"cf7mls-next-btn-cf7mls_step-1\">\u010ealej<img decoding=\"async\" src=\"https:\/\/mpowergroup.sk\/wp-content\/plugins\/cf7-multi-step\/assets\/frontend\/img\/loader.svg\" alt=\"Step Loading\" data-lazy-src=\"https:\/\/mpowergroup.sk\/wp-content\/plugins\/cf7-multi-step\/assets\/frontend\/img\/loader.svg\" style=\"display: none;\" \/><\/button><\/div><p><\/p><\/fieldset><fieldset class=\"fieldset-cf7mls\">\n<\/p>\n<h3>Znalosti a jazyky\n<\/h3>\n<p><label> Ak\u00e9 s\u00fa va\u0161e zru\u010dnosti a znalosti, certifik\u00e1ty a odborn\u00e9 \u0161kolenia<br \/>\n<span class=\"wpcf7-form-control-wrap\" data-name=\"znalosti\"><textarea cols=\"40\" rows=\"10\" maxlength=\"2000\" class=\"wpcf7-form-control wpcf7-textarea\" aria-invalid=\"false\" placeholder=\"\" name=\"znalosti\"><\/textarea><\/span> Zadajte jednu zru\u010dnos\u0165 spolu s \u00farov\u0148ou na riadok napr.:<br \/>\n\u0160t\u00e1tne zv\u00e1ra\u010dsk\u00e9 sk\u00fa\u0161ky WIG,MIG\/MAG<br \/>\nPreukaz VZV vysokozdvi\u017en\u00fd voz\u00edk[\/textarea*] <\/label>\n<\/p>\n<p><label> Ak\u00e9 jazyky ovl\u00e1date?<br \/>\n<span class=\"wpcf7-form-control-wrap\" data-name=\"jazyky\"><textarea cols=\"40\" rows=\"10\" maxlength=\"2000\" class=\"wpcf7-form-control wpcf7-textarea wpcf7-validates-as-required\" aria-required=\"true\" aria-invalid=\"false\" placeholder=\"Zadajte jeden jazyk spolu s \u00farov\u0148ou na riadok napr.:\nNemeck\u00fd jazyk - A2\nAnglick\u00fd jazyk - B1\" name=\"jazyky\"><\/textarea><\/span><\/label>\n<\/p>\n<p>M\u00e1te vodi\u010dsk\u00fd preukaz?<br \/>\n<span class=\"wpcf7-form-control-wrap\" data-name=\"vodicsky\"><span class=\"wpcf7-form-control wpcf7-checkbox\"><span class=\"wpcf7-list-item first\"><label><input type=\"checkbox\" name=\"vodicsky[]\" value=\"A\" \/><span class=\"wpcf7-list-item-label\">A<\/span><\/label><\/span><span class=\"wpcf7-list-item\"><label><input type=\"checkbox\" name=\"vodicsky[]\" value=\"B\" \/><span class=\"wpcf7-list-item-label\">B<\/span><\/label><\/span><span class=\"wpcf7-list-item\"><label><input type=\"checkbox\" name=\"vodicsky[]\" value=\"C\" \/><span class=\"wpcf7-list-item-label\">C<\/span><\/label><\/span><span class=\"wpcf7-list-item\"><label><input type=\"checkbox\" name=\"vodicsky[]\" value=\"D\" \/><span class=\"wpcf7-list-item-label\">D<\/span><\/label><\/span><span class=\"wpcf7-list-item\"><label><input type=\"checkbox\" name=\"vodicsky[]\" value=\"E\" \/><span class=\"wpcf7-list-item-label\">E<\/span><\/label><\/span><span class=\"wpcf7-list-item last\"><label><input type=\"checkbox\" name=\"vodicsky[]\" value=\"T\" \/><span class=\"wpcf7-list-item-label\">T<\/span><\/label><\/span><\/span><\/span>\n<\/p>\n<p><div class=\"cf7mls-btns \"><button type=\"button\" class=\"cf7mls_back action-button\" name=\"cf7mls_back\" id=\"cf7mls-back-btn-cf7mls_step-2\">Sp\u00e4\u0165<\/button><button type=\"button\" class=\"cf7mls_next cf7mls_btn action-button\" name=\"cf7mls_next\" id=\"cf7mls-next-btn-cf7mls_step-2\">\u010ealej<img decoding=\"async\" src=\"https:\/\/mpowergroup.sk\/wp-content\/plugins\/cf7-multi-step\/assets\/frontend\/img\/loader.svg\" alt=\"Step Loading\" data-lazy-src=\"https:\/\/mpowergroup.sk\/wp-content\/plugins\/cf7-multi-step\/assets\/frontend\/img\/loader.svg\" style=\"display: none;\" \/><\/button><\/div><p><\/p><\/fieldset><fieldset class=\"fieldset-cf7mls\">\n<\/p>\n<h3>Vzdelanie a pr\u00e1ca\n<\/h3>\n<p><label> Ak\u00e9 m\u00e1te vzdelanie?<br \/>\n<span class=\"wpcf7-form-control-wrap\" data-name=\"vzdelanie\"><textarea cols=\"40\" rows=\"10\" maxlength=\"2000\" class=\"wpcf7-form-control wpcf7-textarea\" aria-invalid=\"false\" placeholder=\"Nap\u00ed\u0161te najvy\u0161\u0161ie ukon\u010den\u00e9 vzdelanie napr.:\n2019 - 2024 Stredn\u00e1 priemyseln\u00e1 \u0161kola Brezno, Odbor - Technik v stroj\u00e1rstve\" name=\"vzdelanie\"><\/textarea><\/span> <\/label>\n<\/p>\n<p><label> Nap\u00ed\u0161te priebeh va\u0161ich pracovn\u00fdch sk\u00fasenost\u00ed<br \/>\n<span class=\"wpcf7-form-control-wrap\" data-name=\"praca\"><textarea cols=\"40\" rows=\"10\" maxlength=\"2000\" class=\"wpcf7-form-control wpcf7-textarea wpcf7-validates-as-required\" aria-required=\"true\" aria-invalid=\"false\" placeholder=\"Nap\u00ed\u0161te va\u0161e pracovn\u00e9 sk\u00fasenosti napr.:\n2024 -2025 Projektov\u00fd mana\u017e\u00e9r (VW Bratislava - Zav\u00e1dzanie nov\u00fdch projektov do v\u00fdroby)\n2022 - 2024 Zv\u00e1ra\u010d WIG (Nemecko n\u00e1zov firmy - popis pracovnej \u010dinnosti napr.: Zv\u00e1ranie nerezov\u00fdch tlakov\u00fdch n\u00e1dob a r\u00far)\" name=\"praca\"><\/textarea><\/span> <\/label>\n<\/p>\n<p><label> Dopl\u0148uj\u00face inform\u00e1cie<br \/>\n<span class=\"wpcf7-form-control-wrap\" data-name=\"info\"><textarea cols=\"40\" rows=\"10\" maxlength=\"2000\" class=\"wpcf7-form-control wpcf7-textarea\" aria-invalid=\"false\" placeholder=\"Nap\u00ed\u0161te ak\u00e9ko\u013evek \u010fal\u0161ie inform\u00e1cie, ktor\u00e9 m\u00f4\u017eu by\u0165 pr\u00ednosom pre nov\u00fa pracovn\u00fa poz\u00edciu\" name=\"info\"><\/textarea><\/span><\/label>\n<\/p>\n<p><span class=\"wpcf7-form-control-wrap\" data-name=\"suhlas\"><span class=\"wpcf7-form-control wpcf7-acceptance\"><span class=\"wpcf7-list-item\"><label><input type=\"checkbox\" name=\"suhlas\" value=\"1\" aria-invalid=\"false\" \/><span class=\"wpcf7-list-item-label\">*T\u00fdmto ude\u013eujem s\u00fahlas so <a class=\"accept-box\" title=\"Spracovanie osobn\u00fdch \u00fadajov na vybavenie dopytu, zaslan\u00e9ho prostredn\u00edctvom kontaktn\u00e9ho formul\u00e1ru.\" href=\"\/zasady-spracovania-osobnych-udajov\/\">spracovan\u00edm osobn\u00fdch \u00fadajov.<\/a><\/span><\/label><\/span><\/span><\/span>\n<\/p>\n<div class=\"fusion-one-full one_full fusion-layout-column fusion-spacing-yes fusion-column-last google-recaptcha\">\n\t<p>T\u00e1to str\u00e1nka je chr\u00e1nen\u00e1 pomocou reCAPTCHA a Google <a href=\"https:\/\/policies.google.com\/privacy\" target=\"_blank\">z\u00e1sad ochrany osobn\u00fdch \u00fadajov<\/a> a <a href=\"https:\/\/policies.google.com\/terms\" target=\"_blank\">podmienok pou\u017e\u00edvania<\/a>.\n\t<\/p>\n<\/div>\n<p><input class=\"wpcf7-form-control wpcf7-submit has-spinner\" type=\"submit\" value=\"Odosla\u0165\" \/><div class=\"cf7mls-btns cf7mls-btns-last-step\"><button type=\"button\" class=\"cf7mls_back action-button\" name=\"cf7mls_back\" id=\"cf7mls-back-btn-cf7mls_step-3\">Sp\u00e4\u0165<\/button><button type=\"button\" style=\"display: none;\" class=\"cf7mls_next cf7mls_btn action-button\" name=\"cf7mls_next\" id=\"cf7mls-next-btn-cf7mls_step-3\"><img decoding=\"async\" src=\"https:\/\/mpowergroup.sk\/wp-content\/plugins\/cf7-multi-step\/assets\/frontend\/img\/loader.svg\" alt=\"Step Loading\" data-lazy-src=\"https:\/\/mpowergroup.sk\/wp-content\/plugins\/cf7-multi-step\/assets\/frontend\/img\/loader.svg\" style=\"display: none;\" \/><\/button>\n<\/p><\/fieldset><\/div><div class=\"fusion-alert alert custom alert-custom fusion-alert-center wpcf7-response-output awb-alert-native-link-color alert-dismissable awb-alert-close-boxed\" style=\"--awb-border-size:1px;--awb-border-top-left-radius:0px;--awb-border-top-right-radius:0px;--awb-border-bottom-left-radius:0px;--awb-border-bottom-right-radius:0px;\" role=\"alert\"><div class=\"fusion-alert-content-wrapper\"><span class=\"fusion-alert-content\"><\/span><\/div><button type=\"button\" class=\"close toggle-alert\" data-dismiss=\"alert\" aria-label=\"Close\">&times;<\/button><\/div>\n<\/form>\n<\/div>\n\n","protected":false},"excerpt":{"rendered":"","protected":false},"author":1,"featured_media":0,"parent":0,"menu_order":0,"comment_status":"closed","ping_status":"closed","template":"","meta":{"_acf_changed":false,"footnotes":""},"class_list":["post-424","page","type-page","status-publish","hentry"],"acf":[],"yoast_head":"<!-- This site is optimized with the Yoast SEO plugin v24.5 - https:\/\/yoast.com\/wordpress\/plugins\/seo\/ -->\n<title>Erstellen Sie einen Lebenslauf - MPG<\/title>\n<meta name=\"robots\" content=\"index, follow, max-snippet:-1, max-image-preview:large, max-video-preview:-1\" \/>\n<link rel=\"canonical\" href=\"https:\/\/mpowergroup.sk\/de\/erstellen-sie-einen-lebenslauf\/\" \/>\n<meta property=\"og:locale\" content=\"de_DE\" \/>\n<meta property=\"og:type\" content=\"article\" \/>\n<meta property=\"og:title\" content=\"Erstellen Sie einen Lebenslauf - MPG\" \/>\n<meta property=\"og:url\" content=\"https:\/\/mpowergroup.sk\/de\/erstellen-sie-einen-lebenslauf\/\" \/>\n<meta property=\"og:site_name\" content=\"MPG\" \/>\n<meta name=\"twitter:card\" content=\"summary_large_image\" \/>\n<script type=\"application\/ld+json\" class=\"yoast-schema-graph\">{\"@context\":\"https:\/\/schema.org\",\"@graph\":[{\"@type\":\"WebPage\",\"@id\":\"https:\/\/mpowergroup.sk\/de\/erstellen-sie-einen-lebenslauf\/\",\"url\":\"https:\/\/mpowergroup.sk\/de\/erstellen-sie-einen-lebenslauf\/\",\"name\":\"Erstellen Sie einen Lebenslauf - MPG\",\"isPartOf\":{\"@id\":\"https:\/\/mpowergroup.sk\/#website\"},\"datePublished\":\"2025-02-17T12:14:17+00:00\",\"breadcrumb\":{\"@id\":\"https:\/\/mpowergroup.sk\/de\/erstellen-sie-einen-lebenslauf\/#breadcrumb\"},\"inLanguage\":\"de\",\"potentialAction\":[{\"@type\":\"ReadAction\",\"target\":[\"https:\/\/mpowergroup.sk\/de\/erstellen-sie-einen-lebenslauf\/\"]}]},{\"@type\":\"BreadcrumbList\",\"@id\":\"https:\/\/mpowergroup.sk\/de\/erstellen-sie-einen-lebenslauf\/#breadcrumb\",\"itemListElement\":[{\"@type\":\"ListItem\",\"position\":1,\"name\":\"Domovsk\u00e1 str\u00e1nka\",\"item\":\"https:\/\/mpowergroup.sk\/de\/\"},{\"@type\":\"ListItem\",\"position\":2,\"name\":\"Erstellen Sie einen Lebenslauf\"}]},{\"@type\":\"WebSite\",\"@id\":\"https:\/\/mpowergroup.sk\/#website\",\"url\":\"https:\/\/mpowergroup.sk\/\",\"name\":\"MPG\",\"description\":\"Sprostredkovanie kvalifikovan&eacute;ho person&aacute;lu pre projekty r&ocirc;znej n&aacute;ro\u010dnosti\",\"potentialAction\":[{\"@type\":\"SearchAction\",\"target\":{\"@type\":\"EntryPoint\",\"urlTemplate\":\"https:\/\/mpowergroup.sk\/?s={search_term_string}\"},\"query-input\":{\"@type\":\"PropertyValueSpecification\",\"valueRequired\":true,\"valueName\":\"search_term_string\"}}],\"inLanguage\":\"de\"}]}<\/script>\n<!-- \/ Yoast SEO plugin. -->","yoast_head_json":{"title":"Erstellen Sie einen Lebenslauf - MPG","robots":{"index":"index","follow":"follow","max-snippet":"max-snippet:-1","max-image-preview":"max-image-preview:large","max-video-preview":"max-video-preview:-1"},"canonical":"https:\/\/mpowergroup.sk\/de\/erstellen-sie-einen-lebenslauf\/","og_locale":"de_DE","og_type":"article","og_title":"Erstellen Sie einen Lebenslauf - MPG","og_url":"https:\/\/mpowergroup.sk\/de\/erstellen-sie-einen-lebenslauf\/","og_site_name":"MPG","twitter_card":"summary_large_image","schema":{"@context":"https:\/\/schema.org","@graph":[{"@type":"WebPage","@id":"https:\/\/mpowergroup.sk\/de\/erstellen-sie-einen-lebenslauf\/","url":"https:\/\/mpowergroup.sk\/de\/erstellen-sie-einen-lebenslauf\/","name":"Erstellen Sie einen Lebenslauf - MPG","isPartOf":{"@id":"https:\/\/mpowergroup.sk\/#website"},"datePublished":"2025-02-17T12:14:17+00:00","breadcrumb":{"@id":"https:\/\/mpowergroup.sk\/de\/erstellen-sie-einen-lebenslauf\/#breadcrumb"},"inLanguage":"de","potentialAction":[{"@type":"ReadAction","target":["https:\/\/mpowergroup.sk\/de\/erstellen-sie-einen-lebenslauf\/"]}]},{"@type":"BreadcrumbList","@id":"https:\/\/mpowergroup.sk\/de\/erstellen-sie-einen-lebenslauf\/#breadcrumb","itemListElement":[{"@type":"ListItem","position":1,"name":"Domovsk\u00e1 str\u00e1nka","item":"https:\/\/mpowergroup.sk\/de\/"},{"@type":"ListItem","position":2,"name":"Erstellen Sie einen Lebenslauf"}]},{"@type":"WebSite","@id":"https:\/\/mpowergroup.sk\/#website","url":"https:\/\/mpowergroup.sk\/","name":"MPG","description":"Sprostredkovanie kvalifikovan&eacute;ho person&aacute;lu pre projekty r&ocirc;znej n&aacute;ro\u010dnosti","potentialAction":[{"@type":"SearchAction","target":{"@type":"EntryPoint","urlTemplate":"https:\/\/mpowergroup.sk\/?s={search_term_string}"},"query-input":{"@type":"PropertyValueSpecification","valueRequired":true,"valueName":"search_term_string"}}],"inLanguage":"de"}]}},"_links":{"self":[{"href":"https:\/\/mpowergroup.sk\/de\/wp-json\/wp\/v2\/pages\/424","targetHints":{"allow":["GET"]}}],"collection":[{"href":"https:\/\/mpowergroup.sk\/de\/wp-json\/wp\/v2\/pages"}],"about":[{"href":"https:\/\/mpowergroup.sk\/de\/wp-json\/wp\/v2\/types\/page"}],"author":[{"embeddable":true,"href":"https:\/\/mpowergroup.sk\/de\/wp-json\/wp\/v2\/users\/1"}],"replies":[{"embeddable":true,"href":"https:\/\/mpowergroup.sk\/de\/wp-json\/wp\/v2\/comments?post=424"}],"version-history":[{"count":0,"href":"https:\/\/mpowergroup.sk\/de\/wp-json\/wp\/v2\/pages\/424\/revisions"}],"wp:attachment":[{"href":"https:\/\/mpowergroup.sk\/de\/wp-json\/wp\/v2\/media?parent=424"}],"curies":[{"name":"wp","href":"https:\/\/api.w.org\/{rel}","templated":true}]}}