{"id":404,"date":"2025-01-27T10:16:53","date_gmt":"2025-01-27T10:16:53","guid":{"rendered":"https:\/\/mpg.mwsk.sk\/karriere\/"},"modified":"2025-02-20T11:38:41","modified_gmt":"2025-02-20T11:38:41","slug":"karriere","status":"publish","type":"page","link":"https:\/\/mpowergroup.sk\/de\/karriere\/","title":{"rendered":"Karriere"},"content":{"rendered":"<p><div class=\"fusion-fullwidth fullwidth-box fusion-builder-row-1 fusion-flex-container has-pattern-background has-mask-background nonhundred-percent-fullwidth non-hundred-percent-height-scrolling\" style=\"--awb-border-radius-top-left:0px;--awb-border-radius-top-right:0px;--awb-border-radius-bottom-right:0px;--awb-border-radius-bottom-left:0px;--awb-flex-wrap:wrap;\" ><div class=\"fusion-builder-row fusion-row fusion-flex-align-items-flex-start fusion-flex-content-wrap\" style=\"max-width:1466.4px;margin-left: calc(-4% \/ 2 );margin-right: calc(-4% \/ 2 );\"><div class=\"fusion-layout-column fusion_builder_column fusion-builder-column-0 fusion_builder_column_1_1 1_1 fusion-flex-column\" style=\"--awb-bg-size:cover;--awb-width-large:100%;--awb-margin-top-large:0px;--awb-spacing-right-large:1.92%;--awb-margin-bottom-large:20px;--awb-spacing-left-large:1.92%;--awb-width-medium:100%;--awb-order-medium:0;--awb-spacing-right-medium:1.92%;--awb-spacing-left-medium:1.92%;--awb-width-small:100%;--awb-order-small:0;--awb-spacing-right-small:1.92%;--awb-spacing-left-small:1.92%;\"><div class=\"fusion-column-wrapper fusion-column-has-shadow fusion-flex-justify-content-flex-start fusion-content-layout-column\"><div class=\"fusion-title title fusion-title-1 fusion-sep-none fusion-title-center fusion-title-text fusion-title-size-one\"><h1 class=\"fusion-title-heading title-heading-center\" style=\"margin:0;\">Karriere<\/h1><\/div><\/div><\/div><\/div><\/div><div class=\"fusion-fullwidth fullwidth-box fusion-builder-row-2 fusion-flex-container has-pattern-background has-mask-background nonhundred-percent-fullwidth non-hundred-percent-height-scrolling\" style=\"--awb-border-radius-top-left:0px;--awb-border-radius-top-right:0px;--awb-border-radius-bottom-right:0px;--awb-border-radius-bottom-left:0px;--awb-margin-top:30px;--awb-flex-wrap:wrap;\" ><div class=\"fusion-builder-row fusion-row fusion-flex-align-items-center fusion-flex-content-wrap\" style=\"max-width:1466.4px;margin-left: calc(-4% \/ 2 );margin-right: calc(-4% \/ 2 );\"><div class=\"fusion-layout-column fusion_builder_column fusion-builder-column-1 fusion_builder_column_2_5 2_5 fusion-flex-column\" style=\"--awb-bg-size:cover;--awb-width-large:40%;--awb-margin-top-large:0px;--awb-spacing-right-large:4.8%;--awb-margin-bottom-large:20px;--awb-spacing-left-large:4.8%;--awb-width-medium:40%;--awb-order-medium:0;--awb-spacing-right-medium:4.8%;--awb-spacing-left-medium:4.8%;--awb-width-small:100%;--awb-order-small:0;--awb-spacing-right-small:1.92%;--awb-spacing-left-small:1.92%;\"><div class=\"fusion-column-wrapper fusion-column-has-shadow fusion-flex-justify-content-flex-start fusion-content-layout-column\"><div class=\"fusion-image-element \" style=\"--awb-caption-title-font-family:var(--h2_typography-font-family);--awb-caption-title-font-weight:var(--h2_typography-font-weight);--awb-caption-title-font-style:var(--h2_typography-font-style);--awb-caption-title-size:var(--h2_typography-font-size);--awb-caption-title-transform:var(--h2_typography-text-transform);--awb-caption-title-line-height:var(--h2_typography-line-height);--awb-caption-title-letter-spacing:var(--h2_typography-letter-spacing);\"><span class=\" fusion-imageframe imageframe-none imageframe-1 hover-type-none\"><img decoding=\"async\" width=\"570\" height=\"717\" alt=\"MPG Karriere\" title=\"MPG Karriere\" src=\"https:\/\/mpowergroup.sk\/wp-content\/uploads\/2025\/01\/kariera-mpg.webp\" class=\"img-responsive wp-image-305\" srcset=\"https:\/\/mpowergroup.sk\/wp-content\/uploads\/2025\/01\/kariera-mpg-200x252.webp 200w, https:\/\/mpowergroup.sk\/wp-content\/uploads\/2025\/01\/kariera-mpg-238x300.webp 238w, https:\/\/mpowergroup.sk\/wp-content\/uploads\/2025\/01\/kariera-mpg-400x503.webp 400w, https:\/\/mpowergroup.sk\/wp-content\/uploads\/2025\/01\/kariera-mpg.webp 570w\" sizes=\"(max-width: 800px) 100vw, 570px\" \/><\/span><\/div><\/div><\/div><div class=\"fusion-layout-column fusion_builder_column fusion-builder-column-2 fusion_builder_column_3_5 3_5 fusion-flex-column\" style=\"--awb-bg-size:cover;--awb-width-large:60%;--awb-margin-top-large:0px;--awb-spacing-right-large:3.2%;--awb-margin-bottom-large:20px;--awb-spacing-left-large:3.2%;--awb-width-medium:60%;--awb-order-medium:0;--awb-spacing-right-medium:3.2%;--awb-spacing-left-medium:3.2%;--awb-width-small:100%;--awb-order-small:0;--awb-spacing-right-small:1.92%;--awb-spacing-left-small:1.92%;\"><div class=\"fusion-column-wrapper fusion-column-has-shadow fusion-flex-justify-content-flex-start fusion-content-layout-column\"><div class=\"fusion-title title fusion-title-2 fusion-sep-none fusion-title-text fusion-title-size-two\"><h2 class=\"fusion-title-heading title-heading-left\" style=\"margin:0;\">Sie haben Interesse an einer T\u00e4tigkeit im Ausland oder in der Slowakei?<\/h2><\/div><div class=\"fusion-text fusion-text-1\" style=\"--awb-font-size:18px;\"><p>F\u00fcllen Sie das Kontaktformular aus und erstellen Sie Ihren Lebenslauf, damit wir einen passenden Job f\u00fcr Sie finden k\u00f6nnen.<\/p>\n<\/div><div class=\"fusion-text fusion-text-2 fusion-text-no-margin\" style=\"--awb-font-size:18px;--awb-margin-top:10px;\"><p><strong>Was wir von Ihnen brauchen:<\/strong><\/p>\n<\/div><div class=\"fusion-text fusion-text-3\"><ul>\n<li>Lebenslauf<\/li>\n<li>Formular A1<\/li>\n<li>Zertifikate<\/li>\n<li>Gewerbeschein<\/li>\n<li>Fotos Ihrer Arbeit<\/li>\n<\/ul>\n<\/div><div ><a class=\"fusion-button button-flat fusion-button-default-size button-default fusion-button-default button-1 fusion-button-default-span fusion-button-default-type\" style=\"--button_margin-top:10px;\" target=\"_self\" href=\"https:\/\/mpowergroup.sk\/de\/lebenslauf-senden\/\"><span class=\"fusion-button-text\">F\u00fcllen Sie das Formular aus<\/span><\/a><\/div><\/div><\/div><\/div><\/div><\/p>\n","protected":false},"excerpt":{"rendered":"","protected":false},"author":1,"featured_media":0,"parent":0,"menu_order":0,"comment_status":"closed","ping_status":"closed","template":"100-width.php","meta":{"_acf_changed":false,"footnotes":""},"class_list":["post-404","page","type-page","status-publish","hentry"],"acf":[],"yoast_head":"<!-- This site is optimized with the Yoast SEO plugin v24.5 - https:\/\/yoast.com\/wordpress\/plugins\/seo\/ -->\n<title>Karriere - MPG<\/title>\n<meta name=\"robots\" content=\"index, follow, max-snippet:-1, max-image-preview:large, max-video-preview:-1\" \/>\n<link rel=\"canonical\" href=\"https:\/\/mpowergroup.sk\/kariera\/\" \/>\n<meta property=\"og:locale\" content=\"de_DE\" \/>\n<meta property=\"og:type\" content=\"article\" \/>\n<meta property=\"og:title\" content=\"Karriere - MPG\" \/>\n<meta property=\"og:url\" content=\"https:\/\/mpowergroup.sk\/kariera\/\" \/>\n<meta property=\"og:site_name\" content=\"MPG\" \/>\n<meta property=\"article:modified_time\" content=\"2025-02-20T11:38:41+00:00\" \/>\n<meta name=\"twitter:card\" content=\"summary_large_image\" \/>\n<meta name=\"twitter:label1\" content=\"Gesch\u00e4tzte Lesezeit\" \/>\n\t<meta name=\"twitter:data1\" content=\"18\u00a0Minuten\" \/>\n<script type=\"application\/ld+json\" class=\"yoast-schema-graph\">{\"@context\":\"https:\/\/schema.org\",\"@graph\":[{\"@type\":\"WebPage\",\"@id\":\"https:\/\/mpowergroup.sk\/kariera\/\",\"url\":\"https:\/\/mpowergroup.sk\/kariera\/\",\"name\":\"Karriere - MPG\",\"isPartOf\":{\"@id\":\"https:\/\/mpowergroup.sk\/#website\"},\"datePublished\":\"2025-01-27T10:16:53+00:00\",\"dateModified\":\"2025-02-20T11:38:41+00:00\",\"breadcrumb\":{\"@id\":\"https:\/\/mpowergroup.sk\/kariera\/#breadcrumb\"},\"inLanguage\":\"de\",\"potentialAction\":[{\"@type\":\"ReadAction\",\"target\":[\"https:\/\/mpowergroup.sk\/kariera\/\"]}]},{\"@type\":\"BreadcrumbList\",\"@id\":\"https:\/\/mpowergroup.sk\/kariera\/#breadcrumb\",\"itemListElement\":[{\"@type\":\"ListItem\",\"position\":1,\"name\":\"Domovsk\u00e1 str\u00e1nka\",\"item\":\"https:\/\/mpowergroup.sk\/de\/\"},{\"@type\":\"ListItem\",\"position\":2,\"name\":\"Karriere\"}]},{\"@type\":\"WebSite\",\"@id\":\"https:\/\/mpowergroup.sk\/#website\",\"url\":\"https:\/\/mpowergroup.sk\/\",\"name\":\"MPG\",\"description\":\"Sprostredkovanie kvalifikovan&eacute;ho person&aacute;lu pre projekty r&ocirc;znej n&aacute;ro\u010dnosti\",\"potentialAction\":[{\"@type\":\"SearchAction\",\"target\":{\"@type\":\"EntryPoint\",\"urlTemplate\":\"https:\/\/mpowergroup.sk\/?s={search_term_string}\"},\"query-input\":{\"@type\":\"PropertyValueSpecification\",\"valueRequired\":true,\"valueName\":\"search_term_string\"}}],\"inLanguage\":\"de\"}]}<\/script>\n<!-- \/ Yoast SEO plugin. -->","yoast_head_json":{"title":"Karriere - MPG","robots":{"index":"index","follow":"follow","max-snippet":"max-snippet:-1","max-image-preview":"max-image-preview:large","max-video-preview":"max-video-preview:-1"},"canonical":"https:\/\/mpowergroup.sk\/kariera\/","og_locale":"de_DE","og_type":"article","og_title":"Karriere - MPG","og_url":"https:\/\/mpowergroup.sk\/kariera\/","og_site_name":"MPG","article_modified_time":"2025-02-20T11:38:41+00:00","twitter_card":"summary_large_image","twitter_misc":{"Gesch\u00e4tzte Lesezeit":"18\u00a0Minuten"},"schema":{"@context":"https:\/\/schema.org","@graph":[{"@type":"WebPage","@id":"https:\/\/mpowergroup.sk\/kariera\/","url":"https:\/\/mpowergroup.sk\/kariera\/","name":"Karriere - MPG","isPartOf":{"@id":"https:\/\/mpowergroup.sk\/#website"},"datePublished":"2025-01-27T10:16:53+00:00","dateModified":"2025-02-20T11:38:41+00:00","breadcrumb":{"@id":"https:\/\/mpowergroup.sk\/kariera\/#breadcrumb"},"inLanguage":"de","potentialAction":[{"@type":"ReadAction","target":["https:\/\/mpowergroup.sk\/kariera\/"]}]},{"@type":"BreadcrumbList","@id":"https:\/\/mpowergroup.sk\/kariera\/#breadcrumb","itemListElement":[{"@type":"ListItem","position":1,"name":"Domovsk\u00e1 str\u00e1nka","item":"https:\/\/mpowergroup.sk\/de\/"},{"@type":"ListItem","position":2,"name":"Karriere"}]},{"@type":"WebSite","@id":"https:\/\/mpowergroup.sk\/#website","url":"https:\/\/mpowergroup.sk\/","name":"MPG","description":"Sprostredkovanie kvalifikovan&eacute;ho person&aacute;lu pre projekty r&ocirc;znej n&aacute;ro\u010dnosti","potentialAction":[{"@type":"SearchAction","target":{"@type":"EntryPoint","urlTemplate":"https:\/\/mpowergroup.sk\/?s={search_term_string}"},"query-input":{"@type":"PropertyValueSpecification","valueRequired":true,"valueName":"search_term_string"}}],"inLanguage":"de"}]}},"_links":{"self":[{"href":"https:\/\/mpowergroup.sk\/de\/wp-json\/wp\/v2\/pages\/404","targetHints":{"allow":["GET"]}}],"collection":[{"href":"https:\/\/mpowergroup.sk\/de\/wp-json\/wp\/v2\/pages"}],"about":[{"href":"https:\/\/mpowergroup.sk\/de\/wp-json\/wp\/v2\/types\/page"}],"author":[{"embeddable":true,"href":"https:\/\/mpowergroup.sk\/de\/wp-json\/wp\/v2\/users\/1"}],"replies":[{"embeddable":true,"href":"https:\/\/mpowergroup.sk\/de\/wp-json\/wp\/v2\/comments?post=404"}],"version-history":[{"count":8,"href":"https:\/\/mpowergroup.sk\/de\/wp-json\/wp\/v2\/pages\/404\/revisions"}],"predecessor-version":[{"id":434,"href":"https:\/\/mpowergroup.sk\/de\/wp-json\/wp\/v2\/pages\/404\/revisions\/434"}],"wp:attachment":[{"href":"https:\/\/mpowergroup.sk\/de\/wp-json\/wp\/v2\/media?parent=404"}],"curies":[{"name":"wp","href":"https:\/\/api.w.org\/{rel}","templated":true}]}}